{"id":579,"date":"2023-01-03T11:38:45","date_gmt":"2023-01-03T08:38:45","guid":{"rendered":"https:\/\/actvbiotech.com\/?page_id=579"},"modified":"2023-02-20T17:36:02","modified_gmt":"2023-02-20T14:36:02","slug":"farmasotik-urunler","status":"publish","type":"page","link":"https:\/\/actvbiotech.com\/tr\/farmasotik-urunler\/","title":{"rendered":"Farmas\u00f6tik \u00dcr\u00fcnler"},"content":{"rendered":"\t\t<div data-elementor-type=\"wp-page\" data-elementor-id=\"579\" class=\"elementor elementor-579\">\n\t\t\t\t\t\t<section class=\"elementor-section elementor-top-section elementor-element elementor-element-3ce0114f elementor-section-full_width elementor-section-height-default elementor-section-height-default\" data-id=\"3ce0114f\" data-element_type=\"section\" data-settings=\"{&quot;background_background&quot;:&quot;classic&quot;}\">\n\t\t\t\t\t\t<div class=\"elementor-container elementor-column-gap-no\">\n\t\t\t\t\t<div class=\"elementor-column elementor-col-50 elementor-top-column elementor-element elementor-element-c062db7\" data-id=\"c062db7\" data-element_type=\"column\">\n\t\t\t<div class=\"elementor-widget-wrap elementor-element-populated\">\n\t\t\t\t\t\t<div class=\"elementor-element elementor-element-10238ffe elementor-widget elementor-widget-image\" data-id=\"10238ffe\" data-element_type=\"widget\" data-settings=\"{&quot;ekit_we_effect_on&quot;:&quot;none&quot;}\" data-widget_type=\"image.default\">\n\t\t\t\t<div class=\"elementor-widget-container\">\n\t\t\t<style>\/*! elementor - v3.23.0 - 05-08-2024 *\/\n.elementor-widget-image{text-align:center}.elementor-widget-image a{display:inline-block}.elementor-widget-image a img[src$=\".svg\"]{width:48px}.elementor-widget-image img{vertical-align:middle;display:inline-block}<\/style>\t\t\t\t\t\t\t\t\t\t<img decoding=\"async\" width=\"49\" height=\"64\" src=\"https:\/\/actvbiotech.com\/wp-content\/uploads\/2023\/01\/farmasotikVarlik-41.png\" class=\"attachment-large size-large wp-image-583\" alt=\"\" \/>\t\t\t\t\t\t\t\t\t\t\t\t\t<\/div>\n\t\t\t\t<\/div>\n\t\t\t\t<div class=\"elementor-element elementor-element-1d168a68 elementor-widget elementor-widget-heading\" data-id=\"1d168a68\" data-element_type=\"widget\" data-settings=\"{&quot;ekit_we_effect_on&quot;:&quot;none&quot;}\" data-widget_type=\"heading.default\">\n\t\t\t\t<div class=\"elementor-widget-container\">\n\t\t\t<style>\/*! elementor - v3.23.0 - 05-08-2024 *\/\n.elementor-heading-title{padding:0;margin:0;line-height:1}.elementor-widget-heading .elementor-heading-title[class*=elementor-size-]>a{color:inherit;font-size:inherit;line-height:inherit}.elementor-widget-heading .elementor-heading-title.elementor-size-small{font-size:15px}.elementor-widget-heading .elementor-heading-title.elementor-size-medium{font-size:19px}.elementor-widget-heading .elementor-heading-title.elementor-size-large{font-size:29px}.elementor-widget-heading .elementor-heading-title.elementor-size-xl{font-size:39px}.elementor-widget-heading .elementor-heading-title.elementor-size-xxl{font-size:59px}<\/style><h1 class=\"elementor-heading-title elementor-size-default\">Farmas\u00f6tik \u00dcr\u00fcnler<\/h1>\t\t<\/div>\n\t\t\t\t<\/div>\n\t\t\t\t<div class=\"elementor-element elementor-element-57183ed3 elementor-widget elementor-widget-heading\" data-id=\"57183ed3\" data-element_type=\"widget\" data-settings=\"{&quot;ekit_we_effect_on&quot;:&quot;none&quot;}\" data-widget_type=\"heading.default\">\n\t\t\t\t<div class=\"elementor-widget-container\">\n\t\t\t<h2 class=\"elementor-heading-title elementor-size-default\">Bitki k\u00f6k h\u00fccreleri<br>\n30.000\u2019den fazla<br>\nkimyasal ba\u011f i\u00e7erir...<\/h2>\t\t<\/div>\n\t\t\t\t<\/div>\n\t\t\t\t<div class=\"elementor-element elementor-element-331e442b elementor-widget elementor-widget-text-editor\" data-id=\"331e442b\" data-element_type=\"widget\" data-settings=\"{&quot;ekit_we_effect_on&quot;:&quot;none&quot;}\" data-widget_type=\"text-editor.default\">\n\t\t\t\t<div class=\"elementor-widget-container\">\n\t\t\t<style>\/*! elementor - v3.23.0 - 05-08-2024 *\/\n.elementor-widget-text-editor.elementor-drop-cap-view-stacked .elementor-drop-cap{background-color:#69727d;color:#fff}.elementor-widget-text-editor.elementor-drop-cap-view-framed .elementor-drop-cap{color:#69727d;border:3px solid;background-color:transparent}.elementor-widget-text-editor:not(.elementor-drop-cap-view-default) .elementor-drop-cap{margin-top:8px}.elementor-widget-text-editor:not(.elementor-drop-cap-view-default) .elementor-drop-cap-letter{width:1em;height:1em}.elementor-widget-text-editor .elementor-drop-cap{float:left;text-align:center;line-height:1;font-size:50px}.elementor-widget-text-editor .elementor-drop-cap-letter{display:inline-block}<\/style>\t\t\t\t<p>Bitki h\u00fccre k\u00fclt\u00fcrleri 30,000\u2019den fazla kimyasal ba\u011f i\u00e7eren<br \/>\u00e7ok de\u011ferli sekonder metabolitleri sentezleme potansiyeline sahiptir. Kozmetik, g\u0131da ve ila\u00e7 end\u00fcstrilerinde bitki h\u00fccre k\u00fclt\u00fcrlerinin kullan\u0131lmas\u0131 sekonder metabolitlerin<br \/>s\u00fcrd\u00fcr\u00fclebilir ve b\u00fcy\u00fck \u00f6l\u00e7ekli \u00fcretilmesine imk\u00e2n tan\u0131r.<\/p><p>T\u0131bbi bitkilerden elde edilen h\u00fccre k\u00fclt\u00fcrleri kanser, kardiovask\u00fcler, n\u00f6rodejenarif hastal\u0131klar ve enfeksiyon hastal\u0131klar\u0131 gibi \u00e7ok \u00e7e\u015fitli hastal\u0131klar\u0131n tedavisinde kullan\u0131labilen biyoaktif farmas\u00f6tikleri \u00fcretebilme yetene\u011fine sahiptir.<\/p>\t\t\t\t\t\t<\/div>\n\t\t\t\t<\/div>\n\t\t\t\t<div class=\"elementor-element elementor-element-18b2878 elementor-widget elementor-widget-image\" data-id=\"18b2878\" data-element_type=\"widget\" data-settings=\"{&quot;ekit_we_effect_on&quot;:&quot;none&quot;}\" data-widget_type=\"image.default\">\n\t\t\t\t<div class=\"elementor-widget-container\">\n\t\t\t\t\t\t\t\t\t\t\t\t\t<img decoding=\"async\" width=\"93\" height=\"54\" src=\"https:\/\/actvbiotech.com\/wp-content\/uploads\/2023\/01\/farmasotikVarlik-42.png\" class=\"attachment-large size-large wp-image-582\" alt=\"\" \/>\t\t\t\t\t\t\t\t\t\t\t\t\t<\/div>\n\t\t\t\t<\/div>\n\t\t\t\t\t<\/div>\n\t\t<\/div>\n\t\t\t\t<div class=\"elementor-column elementor-col-50 elementor-top-column elementor-element elementor-element-257f7a56 yedi54\" data-id=\"257f7a56\" data-element_type=\"column\">\n\t\t\t<div class=\"elementor-widget-wrap elementor-element-populated\">\n\t\t\t\t\t\t<div class=\"elementor-element elementor-element-03ed152 elementor-widget elementor-widget-slider_revolution\" data-id=\"03ed152\" data-element_type=\"widget\" data-settings=\"{&quot;ekit_we_effect_on&quot;:&quot;none&quot;}\" data-widget_type=\"slider_revolution.default\">\n\t\t\t\t<div class=\"elementor-widget-container\">\n\t\t\t\n\t\t<div class=\"wp-block-themepunch-revslider\">\n\t\t\t<!-- START farmasotik 1 REVOLUTION SLIDER 6.6.8 --><p class=\"rs-p-wp-fix\"><\/p>\n\t\t\t<rs-module-wrap id=\"rev_slider_11_1_wrapper\" data-source=\"gallery\" style=\"visibility:hidden;background:transparent;padding:0;margin:0px auto;margin-top:0;margin-bottom:0;\">\n\t\t\t\t<rs-module id=\"rev_slider_11_1\" style=\"\" data-version=\"6.6.8\">\n\t\t\t\t\t<rs-slides style=\"overflow: hidden; position: absolute;\">\n\t\t\t\t\t\t<rs-slide style=\"position: absolute;\" data-key=\"rs-15\" data-title=\"Slide\" data-in=\"o:0;\" data-out=\"a:false;\">\n\t\t\t\t\t\t\t<img decoding=\"async\" src=\"\/\/actvbiotech.com\/wp-content\/plugins\/revslider\/public\/assets\/assets\/dummy.png\" alt=\"Slide\" title=\"Farmas\u00f6tik \u00dcr\u00fcnler\" class=\"rev-slidebg tp-rs-img rs-lazyload\" data-lazyload=\"\/\/actvbiotech.com\/wp-content\/plugins\/revslider\/public\/assets\/assets\/transparent.png\" data-no-retina>\n<!--\n\t\t\t\t\t\t\t--><rs-layer\n\t\t\t\t\t\t\t\tid=\"slider-11-slide-15-layer-0\" \n\t\t\t\t\t\t\t\tdata-type=\"shape\"\n\t\t\t\t\t\t\t\tdata-rsp_ch=\"on\"\n\t\t\t\t\t\t\t\tdata-xy=\"x:240px;\"\n\t\t\t\t\t\t\t\tdata-text=\"w:normal;\"\n\t\t\t\t\t\t\t\tdata-dim=\"w:665px;h:907px;\"\n\t\t\t\t\t\t\t\tdata-frame_0=\"x:right;\"\n\t\t\t\t\t\t\t\tdata-frame_1=\"st:660;sp:3000;sR:660;\"\n\t\t\t\t\t\t\t\tdata-frame_999=\"o:0;st:w;sR:5340;\"\n\t\t\t\t\t\t\t\tstyle=\"z-index:6;background-color:#041562;\"\n\t\t\t\t\t\t\t> \n\t\t\t\t\t\t\t<\/rs-layer><!--\n\n\t\t\t\t\t\t\t--><rs-layer\n\t\t\t\t\t\t\t\tid=\"slider-11-slide-15-layer-2\" \n\t\t\t\t\t\t\t\tclass=\"birdir\"\n\t\t\t\t\t\t\t\tdata-type=\"image\"\n\t\t\t\t\t\t\t\tdata-rsp_ch=\"on\"\n\t\t\t\t\t\t\t\tdata-xy=\"y:36px;\"\n\t\t\t\t\t\t\t\tdata-text=\"w:normal;\"\n\t\t\t\t\t\t\t\tdata-dim=\"w:447px;h:666px;\"\n\t\t\t\t\t\t\t\tdata-frame_1=\"sp:1200;\"\n\t\t\t\t\t\t\t\tdata-frame_1_sfx=\"se:blocktoleft;fxc:#041562;\"\n\t\t\t\t\t\t\t\tdata-frame_999=\"o:0;st:w;sR:8200;\"\n\t\t\t\t\t\t\t\tstyle=\"z-index:9;\"\n\t\t\t\t\t\t\t><img fetchpriority=\"high\" decoding=\"async\" src=\"\/\/actvbiotech.com\/wp-content\/plugins\/revslider\/public\/assets\/assets\/dummy.png\" alt=\"\" class=\"tp-rs-img rs-lazyload\" width=\"370\" height=\"551\" data-lazyload=\"\/\/actvbiotech.com\/wp-content\/uploads\/2023\/02\/farmasotik-1.jpg\" data-no-retina> \n\t\t\t\t\t\t\t<\/rs-layer><!--\n\n\t\t\t\t\t\t\t--><rs-layer\n\t\t\t\t\t\t\t\tid=\"slider-11-slide-15-layer-3\" \n\t\t\t\t\t\t\t\tclass=\"birdir\"\n\t\t\t\t\t\t\t\tdata-type=\"image\"\n\t\t\t\t\t\t\t\tdata-rsp_ch=\"on\"\n\t\t\t\t\t\t\t\tdata-xy=\"x:465px;y:36px;\"\n\t\t\t\t\t\t\t\tdata-text=\"w:normal;\"\n\t\t\t\t\t\t\t\tdata-dim=\"w:411px;h:435px;\"\n\t\t\t\t\t\t\t\tdata-frame_1=\"e:none;sp:1200;\"\n\t\t\t\t\t\t\t\tdata-frame_1_sfx=\"se:blocktoright;fxc:#041562;\"\n\t\t\t\t\t\t\t\tdata-frame_999=\"o:0;st:w;sR:8200;\"\n\t\t\t\t\t\t\t\tstyle=\"z-index:8;opacity:1;transform:scaleX(1) scaleY(1) scaleZ(1);transition:opacity 1000ms ease 0s, transform 1000ms ease 0s;\"\n\t\t\t\t\t\t\t><img loading=\"lazy\" decoding=\"async\" src=\"\/\/actvbiotech.com\/wp-content\/plugins\/revslider\/public\/assets\/assets\/dummy.png\" alt=\"\" class=\"tp-rs-img rs-lazyload\" width=\"341\" height=\"361\" data-lazyload=\"\/\/actvbiotech.com\/wp-content\/uploads\/2023\/02\/farmasotik-2.jpg\" data-no-retina> \n\t\t\t\t\t\t\t<\/rs-layer><!--\n\n\t\t\t\t\t\t\t--><rs-layer\n\t\t\t\t\t\t\t\tid=\"slider-11-slide-15-layer-4\" \n\t\t\t\t\t\t\t\tclass=\"birdir\"\n\t\t\t\t\t\t\t\tdata-type=\"image\"\n\t\t\t\t\t\t\t\tdata-rsp_ch=\"on\"\n\t\t\t\t\t\t\t\tdata-xy=\"x:466px;y:492px;\"\n\t\t\t\t\t\t\t\tdata-text=\"w:normal;\"\n\t\t\t\t\t\t\t\tdata-dim=\"w:330px;h:340px;\"\n\t\t\t\t\t\t\t\tdata-frame_1=\"sp:1200;\"\n\t\t\t\t\t\t\t\tdata-frame_1_sfx=\"se:blocktoright;fxc:#041562;\"\n\t\t\t\t\t\t\t\tdata-frame_999=\"o:0;st:w;sR:8200;\"\n\t\t\t\t\t\t\t\tstyle=\"z-index:7;\"\n\t\t\t\t\t\t\t><img loading=\"lazy\" decoding=\"async\" src=\"\/\/actvbiotech.com\/wp-content\/plugins\/revslider\/public\/assets\/assets\/dummy.png\" alt=\"\" class=\"tp-rs-img rs-lazyload\" width=\"274\" height=\"282\" data-lazyload=\"\/\/actvbiotech.com\/wp-content\/uploads\/2023\/02\/farmasotik-3.jpg\" data-no-retina> \n\t\t\t\t\t\t\t<\/rs-layer><!--\n-->\t\t\t\t\t\t<\/rs-slide>\n\t\t\t\t\t<\/rs-slides>\n\t\t\t\t<\/rs-module>\n\t\t\t\t<script>\n\t\t\t\t\tsetREVStartSize({c: 'rev_slider_11_1',rl:[1240,1024,778,480],el:[907],gw:[904],gh:[907],type:'standard',justify:'',layout:'fullwidth',mh:\"0\"});if (window.RS_MODULES!==undefined && window.RS_MODULES.modules!==undefined && window.RS_MODULES.modules[\"revslider111\"]!==undefined) {window.RS_MODULES.modules[\"revslider111\"].once = false;window.revapi11 = undefined;if (window.RS_MODULES.checkMinimal!==undefined) window.RS_MODULES.checkMinimal()}\n\t\t\t\t<\/script>\n\t\t\t<\/rs-module-wrap>\n\t\t\t<!-- END REVOLUTION SLIDER -->\n<\/div>\n\n\t\t\t\t<\/div>\n\t\t\t\t<\/div>\n\t\t\t\t\t<\/div>\n\t\t<\/div>\n\t\t\t\t\t<\/div>\n\t\t<\/section>\n\t\t\t\t<section class=\"elementor-section elementor-top-section elementor-element elementor-element-7742243 elementor-section-full_width elementor-section-height-min-height elementor-section-height-default elementor-section-items-middle\" data-id=\"7742243\" data-element_type=\"section\" data-settings=\"{&quot;background_background&quot;:&quot;classic&quot;}\">\n\t\t\t\t\t\t<div class=\"elementor-container elementor-column-gap-default\">\n\t\t\t\t\t<div class=\"elementor-column elementor-col-50 elementor-top-column elementor-element elementor-element-48503d7\" data-id=\"48503d7\" data-element_type=\"column\">\n\t\t\t<div class=\"elementor-widget-wrap elementor-element-populated\">\n\t\t\t\t\t\t<div class=\"elementor-element elementor-element-db4b888 elementor-widget elementor-widget-heading\" data-id=\"db4b888\" data-element_type=\"widget\" data-settings=\"{&quot;ekit_we_effect_on&quot;:&quot;none&quot;}\" data-widget_type=\"heading.default\">\n\t\t\t\t<div class=\"elementor-widget-container\">\n\t\t\t<h2 class=\"elementor-heading-title elementor-size-default\">Bitki k\u00f6k h\u00fccre k\u00fclt\u00fcr\u00fc<br>\nile kanser gibi \u00e7ok \u00e7e\u015fitli<br>\nhastal\u0131klar\u0131n tedavisinde<br>\nkullan\u0131labilen biyoaktif<br>\nfarmas\u00f6tik proses<br>\ngeli\u015ftiriyoruz.<\/h2>\t\t<\/div>\n\t\t\t\t<\/div>\n\t\t\t\t\t<\/div>\n\t\t<\/div>\n\t\t\t\t<div class=\"elementor-column elementor-col-50 elementor-top-column elementor-element elementor-element-255bc00\" data-id=\"255bc00\" data-element_type=\"column\">\n\t\t\t<div class=\"elementor-widget-wrap elementor-element-populated\">\n\t\t\t\t\t\t<div class=\"elementor-element elementor-element-f7169a8 elementor-widget elementor-widget-text-editor\" data-id=\"f7169a8\" data-element_type=\"widget\" data-settings=\"{&quot;ekit_we_effect_on&quot;:&quot;none&quot;}\" data-widget_type=\"text-editor.default\">\n\t\t\t\t<div class=\"elementor-widget-container\">\n\t\t\t\t\t\t\t<p>ACTV Biotech olarak farmas\u00f6tik aktivitelere sahip bile\u015fenlerin y\u00fcksek verim ve safl\u0131kta eldesi i\u00e7in bitki h\u00fccrelerinin fiziksel, biyotik uyaranlar ve elisit\u00f6r molek\u00fcller ile y\u00f6nlendirilmesi, h\u00fccre se\u00e7ilim uygulamalar\u0131 ve \u00f6zel h\u00fccre hatlar\u0131n\u0131n geli\u015ftirilmesi ile bitki h\u00fccre bankalar\u0131n\u0131n olu\u015fturulmas\u0131 i\u00e7in proses geli\u015ftiriyoruz.<\/p><p>H\u00fccre s\u00fcspansiyon k\u00fclt\u00fcrlerinden paklitaksel, dosataksel, vinblastin, vinkristin ve TECA eldesi i\u00e7in Ar-Ge \u00e7al\u0131\u015fmalar\u0131m\u0131z\u0131 s\u00fcrd\u00fcr\u00fcyoruz.<\/p>\t\t\t\t\t\t<\/div>\n\t\t\t\t<\/div>\n\t\t\t\t\t<\/div>\n\t\t<\/div>\n\t\t\t\t\t<\/div>\n\t\t<\/section>\n\t\t\t\t<\/div>\n\t\t","protected":false},"excerpt":{"rendered":"<p>Bitki k\u00f6k h\u00fccreleri 30.000\u2019den fazla kimyasal ba\u011f i\u00e7erir&#8230; Bitki h\u00fccre k\u00fclt\u00fcrleri 30,000\u2019den fazla kimyasal ba\u011f i\u00e7eren\u00e7ok de\u011ferli sekonder metabolitleri sentezleme potansiyeline sahiptir. Kozmetik, g\u0131da ve ila\u00e7 end\u00fcstrilerinde bitki h\u00fccre k\u00fclt\u00fcrlerinin kullan\u0131lmas\u0131 sekonder metabolitlerins\u00fcrd\u00fcr\u00fclebilir ve b\u00fcy\u00fck \u00f6l\u00e7ekli \u00fcretilmesine imk\u00e2n tan\u0131r. T\u0131bbi bitkilerden elde edilen h\u00fccre k\u00fclt\u00fcrleri kanser, kardiovask\u00fcler, n\u00f6rodejenarif hastal\u0131klar ve enfeksiyon hastal\u0131klar\u0131 gibi \u00e7ok \u00e7e\u015fitli [&hellip;]<\/p>\n","protected":false},"author":1,"featured_media":0,"parent":0,"menu_order":0,"comment_status":"closed","ping_status":"closed","template":"","meta":{"footnotes":""},"class_list":["post-579","page","type-page","status-publish","hentry"],"_links":{"self":[{"href":"https:\/\/actvbiotech.com\/tr\/wp-json\/wp\/v2\/pages\/579","targetHints":{"allow":["GET"]}}],"collection":[{"href":"https:\/\/actvbiotech.com\/tr\/wp-json\/wp\/v2\/pages"}],"about":[{"href":"https:\/\/actvbiotech.com\/tr\/wp-json\/wp\/v2\/types\/page"}],"author":[{"embeddable":true,"href":"https:\/\/actvbiotech.com\/tr\/wp-json\/wp\/v2\/users\/1"}],"replies":[{"embeddable":true,"href":"https:\/\/actvbiotech.com\/tr\/wp-json\/wp\/v2\/comments?post=579"}],"version-history":[{"count":6,"href":"https:\/\/actvbiotech.com\/tr\/wp-json\/wp\/v2\/pages\/579\/revisions"}],"predecessor-version":[{"id":2236,"href":"https:\/\/actvbiotech.com\/tr\/wp-json\/wp\/v2\/pages\/579\/revisions\/2236"}],"wp:attachment":[{"href":"https:\/\/actvbiotech.com\/tr\/wp-json\/wp\/v2\/media?parent=579"}],"curies":[{"name":"wp","href":"https:\/\/api.w.org\/{rel}","templated":true}]}}